{"id":65,"date":"2022-01-16T23:14:51","date_gmt":"2022-01-16T21:14:51","guid":{"rendered":"https:\/\/cavumvolpium.fi\/?page_id=65"},"modified":"2022-06-03T21:23:39","modified_gmt":"2022-06-03T19:23:39","slug":"kuvia","status":"publish","type":"page","link":"https:\/\/cavumvolpium.fi\/index.php\/kuvia\/","title":{"rendered":"Kuvia"},"content":{"rendered":"\n<figure class=\"wp-block-gallery has-nested-images columns-default is-cropped wp-block-gallery-1 is-layout-flex wp-block-gallery-is-layout-flex\">\n<figure class=\"wp-block-image size-large\"><img loading=\"lazy\" decoding=\"async\" width=\"1024\" height=\"768\" data-id=\"66\" src=\"https:\/\/cavumvolpium.fi\/wp-content\/uploads\/2022\/01\/IMG_9638-1024x768.jpg\" alt=\"\" class=\"wp-image-66\" srcset=\"https:\/\/cavumvolpium.fi\/wp-content\/uploads\/2022\/01\/IMG_9638-1024x768.jpg 1024w, https:\/\/cavumvolpium.fi\/wp-content\/uploads\/2022\/01\/IMG_9638-300x225.jpg 300w, https:\/\/cavumvolpium.fi\/wp-content\/uploads\/2022\/01\/IMG_9638-768x576.jpg 768w, https:\/\/cavumvolpium.fi\/wp-content\/uploads\/2022\/01\/IMG_9638-1536x1152.jpg 1536w, https:\/\/cavumvolpium.fi\/wp-content\/uploads\/2022\/01\/IMG_9638-2048x1536.jpg 2048w\" sizes=\"auto, (max-width: 767px) 89vw, (max-width: 1000px) 54vw, (max-width: 1071px) 543px, 580px\" \/><\/figure>\n\n\n\n<figure class=\"wp-block-image size-large\"><img loading=\"lazy\" decoding=\"async\" width=\"1024\" height=\"769\" data-id=\"69\" src=\"https:\/\/cavumvolpium.fi\/wp-content\/uploads\/2022\/01\/IMG_9383-1024x769.jpg\" alt=\"\" class=\"wp-image-69\" srcset=\"https:\/\/cavumvolpium.fi\/wp-content\/uploads\/2022\/01\/IMG_9383-1024x769.jpg 1024w, https:\/\/cavumvolpium.fi\/wp-content\/uploads\/2022\/01\/IMG_9383-300x225.jpg 300w, https:\/\/cavumvolpium.fi\/wp-content\/uploads\/2022\/01\/IMG_9383-768x577.jpg 768w, https:\/\/cavumvolpium.fi\/wp-content\/uploads\/2022\/01\/IMG_9383-1536x1154.jpg 1536w, https:\/\/cavumvolpium.fi\/wp-content\/uploads\/2022\/01\/IMG_9383-2048x1539.jpg 2048w\" sizes=\"auto, (max-width: 767px) 89vw, (max-width: 1000px) 54vw, (max-width: 1071px) 543px, 580px\" \/><\/figure>\n\n\n\n<figure class=\"wp-block-image size-large\"><img loading=\"lazy\" decoding=\"async\" width=\"1024\" height=\"768\" data-id=\"70\" src=\"https:\/\/cavumvolpium.fi\/wp-content\/uploads\/2022\/01\/IMG_9122-1024x768.jpg\" alt=\"\" class=\"wp-image-70\" srcset=\"https:\/\/cavumvolpium.fi\/wp-content\/uploads\/2022\/01\/IMG_9122-1024x768.jpg 1024w, https:\/\/cavumvolpium.fi\/wp-content\/uploads\/2022\/01\/IMG_9122-300x225.jpg 300w, https:\/\/cavumvolpium.fi\/wp-content\/uploads\/2022\/01\/IMG_9122-768x576.jpg 768w, https:\/\/cavumvolpium.fi\/wp-content\/uploads\/2022\/01\/IMG_9122-1536x1152.jpg 1536w, https:\/\/cavumvolpium.fi\/wp-content\/uploads\/2022\/01\/IMG_9122-2048x1536.jpg 2048w\" sizes=\"auto, (max-width: 767px) 89vw, (max-width: 1000px) 54vw, (max-width: 1071px) 543px, 580px\" \/><\/figure>\n\n\n\n<figure class=\"wp-block-image size-large\"><img loading=\"lazy\" decoding=\"async\" width=\"768\" height=\"1024\" data-id=\"71\" src=\"https:\/\/cavumvolpium.fi\/wp-content\/uploads\/2022\/01\/IMG_8788-768x1024.jpg\" alt=\"\" class=\"wp-image-71\" srcset=\"https:\/\/cavumvolpium.fi\/wp-content\/uploads\/2022\/01\/IMG_8788-768x1024.jpg 768w, https:\/\/cavumvolpium.fi\/wp-content\/uploads\/2022\/01\/IMG_8788-225x300.jpg 225w, https:\/\/cavumvolpium.fi\/wp-content\/uploads\/2022\/01\/IMG_8788-1152x1536.jpg 1152w, https:\/\/cavumvolpium.fi\/wp-content\/uploads\/2022\/01\/IMG_8788-1536x2048.jpg 1536w, https:\/\/cavumvolpium.fi\/wp-content\/uploads\/2022\/01\/IMG_8788-scaled.jpg 1920w\" sizes=\"auto, (max-width: 767px) 89vw, (max-width: 1000px) 54vw, (max-width: 1071px) 543px, 580px\" \/><\/figure>\n\n\n\n<figure class=\"wp-block-image size-large\"><img loading=\"lazy\" decoding=\"async\" width=\"1024\" height=\"768\" data-id=\"72\" src=\"https:\/\/cavumvolpium.fi\/wp-content\/uploads\/2022\/01\/f15e8f35-9933-4b0b-867f-e38937604494.jpg\" alt=\"\" class=\"wp-image-72\" srcset=\"https:\/\/cavumvolpium.fi\/wp-content\/uploads\/2022\/01\/f15e8f35-9933-4b0b-867f-e38937604494.jpg 1024w, https:\/\/cavumvolpium.fi\/wp-content\/uploads\/2022\/01\/f15e8f35-9933-4b0b-867f-e38937604494-300x225.jpg 300w, https:\/\/cavumvolpium.fi\/wp-content\/uploads\/2022\/01\/f15e8f35-9933-4b0b-867f-e38937604494-768x576.jpg 768w\" sizes=\"auto, (max-width: 767px) 89vw, (max-width: 1000px) 54vw, (max-width: 1071px) 543px, 580px\" \/><\/figure>\n\n\n\n<figure class=\"wp-block-image size-large\"><img loading=\"lazy\" decoding=\"async\" width=\"769\" height=\"1024\" data-id=\"73\" src=\"https:\/\/cavumvolpium.fi\/wp-content\/uploads\/2022\/01\/IMG_8723-769x1024.jpg\" alt=\"\" class=\"wp-image-73\" srcset=\"https:\/\/cavumvolpium.fi\/wp-content\/uploads\/2022\/01\/IMG_8723-769x1024.jpg 769w, https:\/\/cavumvolpium.fi\/wp-content\/uploads\/2022\/01\/IMG_8723-225x300.jpg 225w, https:\/\/cavumvolpium.fi\/wp-content\/uploads\/2022\/01\/IMG_8723-768x1022.jpg 768w, https:\/\/cavumvolpium.fi\/wp-content\/uploads\/2022\/01\/IMG_8723-1154x1536.jpg 1154w, https:\/\/cavumvolpium.fi\/wp-content\/uploads\/2022\/01\/IMG_8723-1539x2048.jpg 1539w, https:\/\/cavumvolpium.fi\/wp-content\/uploads\/2022\/01\/IMG_8723-scaled.jpg 1923w\" sizes=\"auto, (max-width: 767px) 89vw, (max-width: 1000px) 54vw, (max-width: 1071px) 543px, 580px\" \/><\/figure>\n\n\n\n<figure class=\"wp-block-image size-large\"><img loading=\"lazy\" decoding=\"async\" width=\"768\" height=\"1024\" data-id=\"74\" src=\"https:\/\/cavumvolpium.fi\/wp-content\/uploads\/2022\/01\/IMG_8650-768x1024.jpg\" alt=\"\" class=\"wp-image-74\" srcset=\"https:\/\/cavumvolpium.fi\/wp-content\/uploads\/2022\/01\/IMG_8650-768x1024.jpg 768w, https:\/\/cavumvolpium.fi\/wp-content\/uploads\/2022\/01\/IMG_8650-225x300.jpg 225w, https:\/\/cavumvolpium.fi\/wp-content\/uploads\/2022\/01\/IMG_8650-1152x1536.jpg 1152w, https:\/\/cavumvolpium.fi\/wp-content\/uploads\/2022\/01\/IMG_8650-1536x2048.jpg 1536w, https:\/\/cavumvolpium.fi\/wp-content\/uploads\/2022\/01\/IMG_8650-scaled.jpg 1920w\" sizes=\"auto, (max-width: 767px) 89vw, (max-width: 1000px) 54vw, (max-width: 1071px) 543px, 580px\" \/><\/figure>\n<\/figure>\n\n\n\n<figure class=\"wp-block-video\"><video height=\"720\" style=\"aspect-ratio: 1280 \/ 720;\" width=\"1280\" controls src=\"https:\/\/cavumvolpium.fi\/wp-content\/uploads\/2022\/02\/IMG_0536.mp4\"><\/video><\/figure>\n\n\n\n<figure class=\"wp-block-image size-large\"><img loading=\"lazy\" decoding=\"async\" width=\"1024\" height=\"768\" src=\"https:\/\/cavumvolpium.fi\/wp-content\/uploads\/2022\/03\/IMG_0240-1024x768.jpg\" alt=\"\" class=\"wp-image-101\" srcset=\"https:\/\/cavumvolpium.fi\/wp-content\/uploads\/2022\/03\/IMG_0240-1024x768.jpg 1024w, https:\/\/cavumvolpium.fi\/wp-content\/uploads\/2022\/03\/IMG_0240-300x225.jpg 300w, https:\/\/cavumvolpium.fi\/wp-content\/uploads\/2022\/03\/IMG_0240-768x576.jpg 768w, https:\/\/cavumvolpium.fi\/wp-content\/uploads\/2022\/03\/IMG_0240-1536x1152.jpg 1536w, https:\/\/cavumvolpium.fi\/wp-content\/uploads\/2022\/03\/IMG_0240-2048x1536.jpg 2048w\" sizes=\"auto, (max-width: 767px) 89vw, (max-width: 1000px) 54vw, (max-width: 1071px) 543px, 580px\" \/><figcaption>Samira (vasemmalta), Luna ja Sona (edess\u00e4) nauttivat kev\u00e4tauringosta. Ankarien leikkien j\u00e4lkeen &#8220;romahdetaan&#8221; kaikki yhdess\u00e4 ansaittuun lepoon.<\/figcaption><\/figure>\n","protected":false},"excerpt":{"rendered":"","protected":false},"author":1,"featured_media":0,"parent":0,"menu_order":0,"comment_status":"closed","ping_status":"closed","template":"","meta":{"footnotes":""},"class_list":["post-65","page","type-page","status-publish","hentry"],"_links":{"self":[{"href":"https:\/\/cavumvolpium.fi\/index.php\/wp-json\/wp\/v2\/pages\/65","targetHints":{"allow":["GET"]}}],"collection":[{"href":"https:\/\/cavumvolpium.fi\/index.php\/wp-json\/wp\/v2\/pages"}],"about":[{"href":"https:\/\/cavumvolpium.fi\/index.php\/wp-json\/wp\/v2\/types\/page"}],"author":[{"embeddable":true,"href":"https:\/\/cavumvolpium.fi\/index.php\/wp-json\/wp\/v2\/users\/1"}],"replies":[{"embeddable":true,"href":"https:\/\/cavumvolpium.fi\/index.php\/wp-json\/wp\/v2\/comments?post=65"}],"version-history":[{"count":10,"href":"https:\/\/cavumvolpium.fi\/index.php\/wp-json\/wp\/v2\/pages\/65\/revisions"}],"predecessor-version":[{"id":106,"href":"https:\/\/cavumvolpium.fi\/index.php\/wp-json\/wp\/v2\/pages\/65\/revisions\/106"}],"wp:attachment":[{"href":"https:\/\/cavumvolpium.fi\/index.php\/wp-json\/wp\/v2\/media?parent=65"}],"curies":[{"name":"wp","href":"https:\/\/api.w.org\/{rel}","templated":true}]}}